{"id":656,"date":"2023-10-17T11:13:27","date_gmt":"2023-10-17T09:13:27","guid":{"rendered":"https:\/\/www.parprincipe.com\/index.php\/home\/"},"modified":"2025-03-01T15:26:29","modified_gmt":"2025-03-01T14:26:29","slug":"home","status":"publish","type":"page","link":"https:\/\/www.parprincipe.com\/","title":{"rendered":"Home"},"content":{"rendered":"\t\t<div data-elementor-type=\"wp-page\" data-elementor-id=\"656\" class=\"elementor elementor-656\" data-elementor-post-type=\"page\">\n\t\t\t\t\t\t\t<div class=\"elementor-element elementor-element-b8cdcc8 e-flex e-con-boxed wpr-particle-no wpr-jarallax-no wpr-parallax-no wpr-sticky-section-no e-con e-parent\" data-id=\"b8cdcc8\" data-element_type=\"container\" data-settings=\"{&quot;content_width&quot;:&quot;boxed&quot;}\" data-core-v316-plus=\"true\">\n\t\t\t\t\t<div class=\"e-con-inner\">\n\t\t\t\t<div class=\"elementor-element elementor-element-54fbb46 elementor-widget__width-inherit elementor-widget elementor-widget-heading\" data-id=\"54fbb46\" data-element_type=\"widget\" data-widget_type=\"heading.default\">\n\t\t\t\t<div class=\"elementor-widget-container\">\n\t\t\t<style>\/*! elementor - v3.16.0 - 09-10-2023 *\/\n.elementor-heading-title{padding:0;margin:0;line-height:1}.elementor-widget-heading .elementor-heading-title[class*=elementor-size-]>a{color:inherit;font-size:inherit;line-height:inherit}.elementor-widget-heading .elementor-heading-title.elementor-size-small{font-size:15px}.elementor-widget-heading .elementor-heading-title.elementor-size-medium{font-size:19px}.elementor-widget-heading .elementor-heading-title.elementor-size-large{font-size:29px}.elementor-widget-heading .elementor-heading-title.elementor-size-xl{font-size:39px}.elementor-widget-heading .elementor-heading-title.elementor-size-xxl{font-size:59px}<\/style><h3 class=\"elementor-heading-title elementor-size-default\">Par Principe<\/h3>\t\t<\/div>\n\t\t\t\t<\/div>\n\t\t\t\t<div class=\"elementor-element elementor-element-a861139 elementor-invisible elementor-widget elementor-widget-heading\" data-id=\"a861139\" data-element_type=\"widget\" data-settings=\"{&quot;_animation&quot;:&quot;zoomIn&quot;}\" data-widget_type=\"heading.default\">\n\t\t\t\t<div class=\"elementor-widget-container\">\n\t\t\t<h2 class=\"elementor-heading-title elementor-size-default\">Le Conseil Wellness Sur Mesure, Qui Vous Ressemble<\/h2>\t\t<\/div>\n\t\t\t\t<\/div>\n\t\t\t\t\t<\/div>\n\t\t\t\t<\/div>\n\t\t<div class=\"elementor-element elementor-element-10c3a70 e-flex e-con-boxed wpr-particle-no wpr-jarallax-no wpr-parallax-no wpr-sticky-section-no e-con e-parent\" data-id=\"10c3a70\" data-element_type=\"container\" data-settings=\"{&quot;content_width&quot;:&quot;boxed&quot;}\" data-core-v316-plus=\"true\">\n\t\t\t\t\t<div class=\"e-con-inner\">\n\t\t\t\t<div class=\"elementor-element elementor-element-a059daf elementor-widget elementor-widget-heading\" data-id=\"a059daf\" data-element_type=\"widget\" data-widget_type=\"heading.default\">\n\t\t\t\t<div class=\"elementor-widget-container\">\n\t\t\t<h2 class=\"elementor-heading-title elementor-size-default\">Nos<\/h2>\t\t<\/div>\n\t\t\t\t<\/div>\n\t\t\t\t\t<\/div>\n\t\t\t\t<\/div>\n\t\t<div class=\"elementor-element elementor-element-a3c53e3 e-flex e-con-boxed wpr-particle-no wpr-jarallax-no wpr-parallax-no wpr-sticky-section-no e-con e-parent\" data-id=\"a3c53e3\" data-element_type=\"container\" data-settings=\"{&quot;content_width&quot;:&quot;boxed&quot;}\" data-core-v316-plus=\"true\">\n\t\t\t\t\t<div class=\"e-con-inner\">\n\t\t\t\t<div class=\"elementor-element elementor-element-29368ad elementor-widget elementor-widget-heading\" data-id=\"29368ad\" data-element_type=\"widget\" data-widget_type=\"heading.default\">\n\t\t\t\t<div class=\"elementor-widget-container\">\n\t\t\t<h2 class=\"elementor-heading-title elementor-size-default\">prestations \u00e0 la carte<\/h2>\t\t<\/div>\n\t\t\t\t<\/div>\n\t\t\t\t\t<\/div>\n\t\t\t\t<\/div>\n\t\t<div class=\"elementor-element elementor-element-6e3f63f e-flex e-con-boxed wpr-particle-no wpr-jarallax-no wpr-parallax-no wpr-sticky-section-no e-con e-parent\" data-id=\"6e3f63f\" data-element_type=\"container\" data-settings=\"{&quot;content_width&quot;:&quot;boxed&quot;}\" data-core-v316-plus=\"true\">\n\t\t\t\t\t<div class=\"e-con-inner\">\n\t\t<div class=\"elementor-element elementor-element-9b77731 e-con-full e-flex wpr-particle-no wpr-jarallax-no wpr-parallax-no wpr-sticky-section-no e-con e-child\" data-id=\"9b77731\" data-element_type=\"container\" data-settings=\"{&quot;content_width&quot;:&quot;full&quot;}\">\n\t\t\t\t<div class=\"elementor-element elementor-element-7f503ec wpr-flip-box-animation-flip wpr-flip-box-animation-3d-yes wpr-flip-box-anim-direction-right wpr-flip-box-front-align-center wpr-flip-box-back-align-center elementor-widget elementor-widget-wpr-flip-box\" data-id=\"7f503ec\" data-element_type=\"widget\" data-widget_type=\"wpr-flip-box.default\">\n\t\t\t\t<div class=\"elementor-widget-container\">\n\t\t\t\t\t\t\n\t\t<div class=\"wpr-flip-box\" data-trigger=\"hover\">\n\t\t\t\n\t\t\t<div class=\"wpr-flip-box-item wpr-flip-box-front wpr-anim-timing-ease-default\">\n\n\t\t\t\t<div class=\"wpr-flip-box-overlay\"><\/div>\n\n\t\t\t\t<div class=\"wpr-flip-box-content\">\n\t\t\t\t\t\n\t\t\t\t\t\t\t\t\t\t<div class=\"wpr-flip-box-icon\">\n\t\t\t\t\t\t<i class=\"fas fa-book-open\"><\/i>\n\t\t\t\t\t<\/div>\n\t\t\t\t\t\t\t\t\t\t\n\t\t\t\t\t\t\t\t\t\t\t<h3 class=\"wpr-flip-box-title\">Formations &amp; D\u00e9veloppement<\/h3>\n\t\t\t\t\t\n\t\t\t\t\t\t\n\n\t\t\t\t\t\t\n\n\t\t\t\t<\/div>\n\t\t\t<\/div>\n\n\t\t\t<div class=\"wpr-flip-box-item wpr-flip-box-back wpr-anim-timing-ease-default\">\n\n\t\t\t\t<div class=\"wpr-flip-box-overlay\"><\/div>\n\t\t\t\t\n\t\t\t\t<div class=\"wpr-flip-box-content\">\n\t\t\t\t\t\n\t\t\t\t\t\t\t\t\t\t<a class=\"wpr-flip-box-link\" href=\"https:\/\/www.parprincipe.com\/index.php\/services\/\"><\/a>\t\n\t\t\t\t\t\n\t\t\t\t\t\t\t\t\t\t<div class=\"wpr-flip-box-icon\">\n\t\t\t\t\t\t<i class=\"fas fa-book-open\"><\/i>\n\t\t\t\t\t<\/div>\n\t\t\t\t\t\t\t\t\t\t\n\t\t\t\t\t\n\t\t\t\t\t\t\t\t\t\t\t<div class=\"wpr-flip-box-description\"><p>Boostez vos \u00e9quipes gr\u00e2ce \u00e0 des formations personnalis\u00e9es : techniques de vente et utilisation des outils num\u00e9riques. D\u00e9veloppez des comp\u00e9tences qui feront la diff\u00e9rence.<\/p><\/div>\t\t\t\t\t\t\n\t\t\t\t\t\t\n\n\t\t\t\t\t\t\n\n\t\t\t\t<\/div>\n\t\t\t<\/div>\n\t\t<\/div>\n\n\t\t\t\t<\/div>\n\t\t\t\t<\/div>\n\t\t\t\t<\/div>\n\t\t<div class=\"elementor-element elementor-element-09adda2 e-con-full e-flex wpr-particle-no wpr-jarallax-no wpr-parallax-no wpr-sticky-section-no e-con e-child\" data-id=\"09adda2\" data-element_type=\"container\" data-settings=\"{&quot;content_width&quot;:&quot;full&quot;}\">\n\t\t\t\t<div class=\"elementor-element elementor-element-3bfe790 wpr-flip-box-animation-flip wpr-flip-box-animation-3d-yes wpr-flip-box-anim-direction-right wpr-flip-box-front-align-center wpr-flip-box-back-align-center elementor-widget elementor-widget-wpr-flip-box\" data-id=\"3bfe790\" data-element_type=\"widget\" data-widget_type=\"wpr-flip-box.default\">\n\t\t\t\t<div class=\"elementor-widget-container\">\n\t\t\t\t\t\t\n\t\t<div class=\"wpr-flip-box\" data-trigger=\"hover\">\n\t\t\t\n\t\t\t<div class=\"wpr-flip-box-item wpr-flip-box-front wpr-anim-timing-ease-default\">\n\n\t\t\t\t<div class=\"wpr-flip-box-overlay\"><\/div>\n\n\t\t\t\t<div class=\"wpr-flip-box-content\">\n\t\t\t\t\t\n\t\t\t\t\t\t\t\t\t\t<div class=\"wpr-flip-box-icon\">\n\t\t\t\t\t\t<i class=\"fas fa-search\"><\/i>\n\t\t\t\t\t<\/div>\n\t\t\t\t\t\t\t\t\t\t\n\t\t\t\t\t\t\t\t\t\t\t<h3 class=\"wpr-flip-box-title\">Audit &amp; Diagnostic<\/h3>\n\t\t\t\t\t\n\t\t\t\t\t\t\n\n\t\t\t\t\t\t\n\n\t\t\t\t<\/div>\n\t\t\t<\/div>\n\n\t\t\t<div class=\"wpr-flip-box-item wpr-flip-box-back wpr-anim-timing-ease-default\">\n\n\t\t\t\t<div class=\"wpr-flip-box-overlay\"><\/div>\n\t\t\t\t\n\t\t\t\t<div class=\"wpr-flip-box-content\">\n\t\t\t\t\t\n\t\t\t\t\t\t\t\t\t\t<a class=\"wpr-flip-box-link\" href=\"https:\/\/www.parprincipe.com\/index.php\/services\/\"><\/a>\t\n\t\t\t\t\t\n\t\t\t\t\t\t\t\t\t\t<div class=\"wpr-flip-box-icon\">\n\t\t\t\t\t\t<i class=\"fas fa-search\"><\/i>\n\t\t\t\t\t<\/div>\n\t\t\t\t\t\t\t\t\t\t\n\t\t\t\t\t\n\t\t\t\t\t\t\t\t\t\t\t<div class=\"wpr-flip-box-description\"><p>Nous analysons vos infrastructures, vos services et l'exp\u00e9rience client pour identifier les points forts et les axes d'am\u00e9lioration. Recevez un rapport d\u00e9taill\u00e9 avec des recommandations concr\u00e8tes pour atteindre vos objectifs.<\/p><\/div>\t\t\t\t\t\t\n\t\t\t\t\t\t\n\n\t\t\t\t\t\t\n\n\t\t\t\t<\/div>\n\t\t\t<\/div>\n\t\t<\/div>\n\n\t\t\t\t<\/div>\n\t\t\t\t<\/div>\n\t\t\t\t<\/div>\n\t\t<div class=\"elementor-element elementor-element-26f613f e-con-full e-flex wpr-particle-no wpr-jarallax-no wpr-parallax-no wpr-sticky-section-no e-con e-child\" data-id=\"26f613f\" data-element_type=\"container\" data-settings=\"{&quot;content_width&quot;:&quot;full&quot;}\">\n\t\t\t\t<div class=\"elementor-element elementor-element-7b62213 wpr-flip-box-animation-flip wpr-flip-box-animation-3d-yes wpr-flip-box-anim-direction-right wpr-flip-box-front-align-center wpr-flip-box-back-align-center elementor-widget elementor-widget-wpr-flip-box\" data-id=\"7b62213\" data-element_type=\"widget\" data-widget_type=\"wpr-flip-box.default\">\n\t\t\t\t<div class=\"elementor-widget-container\">\n\t\t\t\t\t\t\n\t\t<div class=\"wpr-flip-box\" data-trigger=\"hover\">\n\t\t\t\n\t\t\t<div class=\"wpr-flip-box-item wpr-flip-box-front wpr-anim-timing-ease-default\">\n\n\t\t\t\t<div class=\"wpr-flip-box-overlay\"><\/div>\n\n\t\t\t\t<div class=\"wpr-flip-box-content\">\n\t\t\t\t\t\n\t\t\t\t\t\t\t\t\t\t<div class=\"wpr-flip-box-icon\">\n\t\t\t\t\t\t<i class=\"fas fa-user-secret\"><\/i>\n\t\t\t\t\t<\/div>\n\t\t\t\t\t\t\t\t\t\t\n\t\t\t\t\t\t\t\t\t\t\t<h3 class=\"wpr-flip-box-title\">Visites Myst\u00e8res &amp; Feedback Client <\/h3>\n\t\t\t\t\t\n\t\t\t\t\t\t\n\n\t\t\t\t\t\t\n\n\t\t\t\t<\/div>\n\t\t\t<\/div>\n\n\t\t\t<div class=\"wpr-flip-box-item wpr-flip-box-back wpr-anim-timing-ease-default\">\n\n\t\t\t\t<div class=\"wpr-flip-box-overlay\"><\/div>\n\t\t\t\t\n\t\t\t\t<div class=\"wpr-flip-box-content\">\n\t\t\t\t\t\n\t\t\t\t\t\t\t\t\t\t<a class=\"wpr-flip-box-link\" href=\"https:\/\/www.parprincipe.com\/index.php\/services\/\"><\/a>\t\n\t\t\t\t\t\n\t\t\t\t\t\t\t\t\t\t<div class=\"wpr-flip-box-icon\">\n\t\t\t\t\t\t<i class=\"fas fa-user-secret\"><\/i>\n\t\t\t\t\t<\/div>\n\t\t\t\t\t\t\t\t\t\t\n\t\t\t\t\t\n\t\t\t\t\t\t\t\t\t\t\t<div class=\"wpr-flip-box-description\"><p>Am\u00e9liorez l\u2019exp\u00e9rience client gr\u00e2ce \u00e0 des visites myst\u00e8res professionnelles et des audits de satisfaction. Identifiez les forces et opportunit\u00e9s de votre \u00e9tablissement.<\/p><\/div>\t\t\t\t\t\t\n\t\t\t\t\t\t\n\n\t\t\t\t\t\t\n\n\t\t\t\t<\/div>\n\t\t\t<\/div>\n\t\t<\/div>\n\n\t\t\t\t<\/div>\n\t\t\t\t<\/div>\n\t\t\t\t<\/div>\n\t\t<div class=\"elementor-element elementor-element-d12908c e-con-full e-flex wpr-particle-no wpr-jarallax-no wpr-parallax-no wpr-sticky-section-no e-con e-child\" data-id=\"d12908c\" data-element_type=\"container\" data-settings=\"{&quot;content_width&quot;:&quot;full&quot;}\">\n\t\t\t\t<div class=\"elementor-element elementor-element-2b57337 wpr-flip-box-animation-flip wpr-flip-box-animation-3d-yes wpr-flip-box-anim-direction-right wpr-flip-box-front-align-center wpr-flip-box-back-align-center elementor-widget elementor-widget-wpr-flip-box\" data-id=\"2b57337\" data-element_type=\"widget\" data-widget_type=\"wpr-flip-box.default\">\n\t\t\t\t<div class=\"elementor-widget-container\">\n\t\t\t\t\t\t\n\t\t<div class=\"wpr-flip-box\" data-trigger=\"hover\">\n\t\t\t\n\t\t\t<div class=\"wpr-flip-box-item wpr-flip-box-front wpr-anim-timing-ease-default\">\n\n\t\t\t\t<div class=\"wpr-flip-box-overlay\"><\/div>\n\n\t\t\t\t<div class=\"wpr-flip-box-content\">\n\t\t\t\t\t\n\t\t\t\t\t\t\t\t\t\t<div class=\"wpr-flip-box-icon\">\n\t\t\t\t\t\t<i class=\"fas fa-pencil-alt\"><\/i>\n\t\t\t\t\t<\/div>\n\t\t\t\t\t\t\t\t\t\t\n\t\t\t\t\t\t\t\t\t\t\t<h3 class=\"wpr-flip-box-title\">Am\u00e9nagement &amp; Design <\/h3>\n\t\t\t\t\t\n\t\t\t\t\t\t\n\n\t\t\t\t\t\t\n\n\t\t\t\t<\/div>\n\t\t\t<\/div>\n\n\t\t\t<div class=\"wpr-flip-box-item wpr-flip-box-back wpr-anim-timing-ease-default\">\n\n\t\t\t\t<div class=\"wpr-flip-box-overlay\"><\/div>\n\t\t\t\t\n\t\t\t\t<div class=\"wpr-flip-box-content\">\n\t\t\t\t\t\n\t\t\t\t\t\t\t\t\t\t<a class=\"wpr-flip-box-link\" href=\"https:\/\/www.parprincipe.com\/index.php\/services\/\"><\/a>\t\n\t\t\t\t\t\n\t\t\t\t\t\t\t\t\t\t<div class=\"wpr-flip-box-icon\">\n\t\t\t\t\t\t<i class=\"fas fa-pencil-alt\"><\/i>\n\t\t\t\t\t<\/div>\n\t\t\t\t\t\t\t\t\t\t\n\t\t\t\t\t\n\t\t\t\t\t\t\t\t\t\t\t<div class=\"wpr-flip-box-description\"><p>Cr\u00e9ez des espaces de bien-\u00eatre optimaux gr\u00e2ce \u00e0 nos conseils en design et am\u00e9nagement : ambiance, \u00e9clairage, senteurs et ergonomie. Offrez \u00e0 vos clients une exp\u00e9rience immersive et inoubliable.<\/p><\/div>\t\t\t\t\t\t\n\t\t\t\t\t\t\n\n\t\t\t\t\t\t\n\n\t\t\t\t<\/div>\n\t\t\t<\/div>\n\t\t<\/div>\n\n\t\t\t\t<\/div>\n\t\t\t\t<\/div>\n\t\t\t\t<\/div>\n\t\t<div class=\"elementor-element elementor-element-ed4e3c8 e-con-full e-flex wpr-particle-no wpr-jarallax-no wpr-parallax-no wpr-sticky-section-no e-con e-child\" data-id=\"ed4e3c8\" data-element_type=\"container\" data-settings=\"{&quot;content_width&quot;:&quot;full&quot;}\">\n\t\t\t\t<div class=\"elementor-element elementor-element-e5b60f1 wpr-flip-box-animation-flip wpr-flip-box-animation-3d-yes wpr-flip-box-anim-direction-right wpr-flip-box-front-align-center wpr-flip-box-back-align-center elementor-widget elementor-widget-wpr-flip-box\" data-id=\"e5b60f1\" data-element_type=\"widget\" data-widget_type=\"wpr-flip-box.default\">\n\t\t\t\t<div class=\"elementor-widget-container\">\n\t\t\t\t\t\t\n\t\t<div class=\"wpr-flip-box\" data-trigger=\"hover\">\n\t\t\t\n\t\t\t<div class=\"wpr-flip-box-item wpr-flip-box-front wpr-anim-timing-ease-default\">\n\n\t\t\t\t<div class=\"wpr-flip-box-overlay\"><\/div>\n\n\t\t\t\t<div class=\"wpr-flip-box-content\">\n\t\t\t\t\t\n\t\t\t\t\t\t\t\t\t\t<div class=\"wpr-flip-box-icon\">\n\t\t\t\t\t\t<i class=\"fas fa-spa\"><\/i>\n\t\t\t\t\t<\/div>\n\t\t\t\t\t\t\t\t\t\t\n\t\t\t\t\t\t\t\t\t\t\t<h3 class=\"wpr-flip-box-title\">D\u00e9veloppement de l\u2019Offre de Soins <\/h3>\n\t\t\t\t\t\n\t\t\t\t\t\t\n\n\t\t\t\t\t\t\n\n\t\t\t\t<\/div>\n\t\t\t<\/div>\n\n\t\t\t<div class=\"wpr-flip-box-item wpr-flip-box-back wpr-anim-timing-ease-default\">\n\n\t\t\t\t<div class=\"wpr-flip-box-overlay\"><\/div>\n\t\t\t\t\n\t\t\t\t<div class=\"wpr-flip-box-content\">\n\t\t\t\t\t\n\t\t\t\t\t\t\t\t\t\t<a class=\"wpr-flip-box-link\" href=\"https:\/\/www.parprincipe.com\/index.php\/services\/\"><\/a>\t\n\t\t\t\t\t\n\t\t\t\t\t\t\t\t\t\t<div class=\"wpr-flip-box-icon\">\n\t\t\t\t\t\t<i class=\"fas fa-spa\"><\/i>\n\t\t\t\t\t<\/div>\n\t\t\t\t\t\t\t\t\t\t\n\t\t\t\t\t\n\t\t\t\t\t\t\t\t\t\t\t<div class=\"wpr-flip-box-description\"><p>Nous vous aidons \u00e0 concevoir une offre de soins qui r\u00e9pond aux attentes de votre client\u00e8le cible : nouveaux rituels, massages innovants et produits exclusifs. Restez \u00e0 la pointe des tendances.<\/p><\/div>\t\t\t\t\t\t\n\t\t\t\t\t\t\n\n\t\t\t\t\t\t\n\n\t\t\t\t<\/div>\n\t\t\t<\/div>\n\t\t<\/div>\n\n\t\t\t\t<\/div>\n\t\t\t\t<\/div>\n\t\t\t\t<\/div>\n\t\t\t\t\t<\/div>\n\t\t\t\t<\/div>\n\t\t<div class=\"elementor-element elementor-element-18d9c2b e-flex e-con-boxed wpr-particle-no wpr-jarallax-no wpr-parallax-no wpr-sticky-section-no e-con e-parent\" data-id=\"18d9c2b\" data-element_type=\"container\" data-settings=\"{&quot;background_background&quot;:&quot;classic&quot;,&quot;background_motion_fx_motion_fx_scrolling&quot;:&quot;yes&quot;,&quot;background_motion_fx_scale_effect&quot;:&quot;yes&quot;,&quot;content_width&quot;:&quot;boxed&quot;,&quot;background_motion_fx_scale_direction&quot;:&quot;out-in&quot;,&quot;background_motion_fx_scale_speed&quot;:{&quot;unit&quot;:&quot;px&quot;,&quot;size&quot;:4,&quot;sizes&quot;:[]},&quot;background_motion_fx_scale_range&quot;:{&quot;unit&quot;:&quot;%&quot;,&quot;size&quot;:&quot;&quot;,&quot;sizes&quot;:{&quot;start&quot;:20,&quot;end&quot;:80}},&quot;background_motion_fx_devices&quot;:[&quot;desktop&quot;,&quot;tablet&quot;,&quot;mobile&quot;]}\" data-core-v316-plus=\"true\">\n\t\t\t\t\t<div class=\"e-con-inner\">\n\t\t\t\t<div class=\"elementor-element elementor-element-1aa9b9a elementor-widget__width-initial elementor-widget elementor-widget-heading\" data-id=\"1aa9b9a\" data-element_type=\"widget\" data-widget_type=\"heading.default\">\n\t\t\t\t<div class=\"elementor-widget-container\">\n\t\t\t<h2 class=\"elementor-heading-title elementor-size-medium\">Notre objectif ? \nVous aider \u00e0 \natteindre \nles v\u00f4tres<\/h2>\t\t<\/div>\n\t\t\t\t<\/div>\n\t\t\t\t<div class=\"elementor-element elementor-element-7cbe24f elementor-align-center elementor-widget elementor-widget-button\" data-id=\"7cbe24f\" data-element_type=\"widget\" data-widget_type=\"button.default\">\n\t\t\t\t<div class=\"elementor-widget-container\">\n\t\t\t\t\t<div class=\"elementor-button-wrapper\">\n\t\t\t<a class=\"elementor-button elementor-button-link elementor-size-sm\" href=\"https:\/\/www.parprincipe.com\/index.php\/services\/\">\n\t\t\t\t\t\t<span class=\"elementor-button-content-wrapper\">\n\t\t\t\t\t\t<span class=\"elementor-button-icon elementor-align-icon-right\">\n\t\t\t\t<svg xmlns=\"http:\/\/www.w3.org\/2000\/svg\" id=\"bb19cefa-da70-4c4e-8494-ad25bbd47839\" data-name=\"Layer 1\" width=\"32.9204\" height=\"17.832\" viewBox=\"0 0 32.9204 17.832\"><polygon points=\"31.858 8.055 31.858 8.016 31.817 8.016 23.417 0 22.036 1.447 28.931 8.026 0 8.026 0.007 10.026 28.928 10.026 22.048 16.361 23.404 17.832 32.92 9.069 31.858 8.055\"><\/polygon><\/svg>\t\t\t<\/span>\n\t\t\t\t\t\t<span class=\"elementor-button-text\">D\u00e9couvrir nos services<\/span>\n\t\t<\/span>\n\t\t\t\t\t<\/a>\n\t\t<\/div>\n\t\t\t\t<\/div>\n\t\t\t\t<\/div>\n\t\t\t\t\t<\/div>\n\t\t\t\t<\/div>\n\t\t\t\t\t\t\t<\/div>\n\t\t","protected":false},"excerpt":{"rendered":"<p>Par Principe Le Conseil Wellness Sur Mesure, Qui Vous Ressemble Nos prestations \u00e0 la carte Formations &amp; D\u00e9veloppement Boostez vos \u00e9quipes gr\u00e2ce \u00e0 des formations personnalis\u00e9es : techniques de vente et utilisation des outils num\u00e9riques. D\u00e9veloppez des comp\u00e9tences qui feront la diff\u00e9rence. Nos Formations Audit &amp; Diagnostic Nous analysons vos infrastructures, vos services et l&rsquo;exp\u00e9rience [&hellip;]<\/p>\n","protected":false},"author":1,"featured_media":0,"parent":0,"menu_order":0,"comment_status":"closed","ping_status":"closed","template":"elementor_header_footer","meta":{"footnotes":""},"class_list":["post-656","page","type-page","status-publish","hentry"],"_links":{"self":[{"href":"https:\/\/www.parprincipe.com\/index.php\/wp-json\/wp\/v2\/pages\/656","targetHints":{"allow":["GET"]}}],"collection":[{"href":"https:\/\/www.parprincipe.com\/index.php\/wp-json\/wp\/v2\/pages"}],"about":[{"href":"https:\/\/www.parprincipe.com\/index.php\/wp-json\/wp\/v2\/types\/page"}],"author":[{"embeddable":true,"href":"https:\/\/www.parprincipe.com\/index.php\/wp-json\/wp\/v2\/users\/1"}],"replies":[{"embeddable":true,"href":"https:\/\/www.parprincipe.com\/index.php\/wp-json\/wp\/v2\/comments?post=656"}],"version-history":[{"count":196,"href":"https:\/\/www.parprincipe.com\/index.php\/wp-json\/wp\/v2\/pages\/656\/revisions"}],"predecessor-version":[{"id":6151,"href":"https:\/\/www.parprincipe.com\/index.php\/wp-json\/wp\/v2\/pages\/656\/revisions\/6151"}],"wp:attachment":[{"href":"https:\/\/www.parprincipe.com\/index.php\/wp-json\/wp\/v2\/media?parent=656"}],"curies":[{"name":"wp","href":"https:\/\/api.w.org\/{rel}","templated":true}]}}