{"id":612,"date":"2023-10-17T11:13:20","date_gmt":"2023-10-17T09:13:20","guid":{"rendered":"https:\/\/www.parprincipe.com\/index.php\/about\/"},"modified":"2025-02-27T15:16:41","modified_gmt":"2025-02-27T14:16:41","slug":"about","status":"publish","type":"page","link":"https:\/\/www.parprincipe.com\/index.php\/about\/","title":{"rendered":"About"},"content":{"rendered":"\t\t<div data-elementor-type=\"wp-page\" data-elementor-id=\"612\" class=\"elementor elementor-612\" data-elementor-post-type=\"page\">\n\t\t\t\t\t\t\t<div class=\"elementor-element elementor-element-f12b1f0 e-flex e-con-boxed wpr-particle-no wpr-jarallax-no wpr-parallax-no wpr-sticky-section-no e-con e-parent\" data-id=\"f12b1f0\" data-element_type=\"container\" data-settings=\"{&quot;background_background&quot;:&quot;classic&quot;,&quot;content_width&quot;:&quot;boxed&quot;}\" data-core-v316-plus=\"true\">\n\t\t\t\t\t<div class=\"e-con-inner\">\n\t\t\t\t<div class=\"elementor-element elementor-element-8c1e56d elementor-widget__width-initial elementor-widget elementor-widget-heading\" data-id=\"8c1e56d\" data-element_type=\"widget\" data-widget_type=\"heading.default\">\n\t\t\t\t<div class=\"elementor-widget-container\">\n\t\t\t<style>\/*! elementor - v3.16.0 - 09-10-2023 *\/\n.elementor-heading-title{padding:0;margin:0;line-height:1}.elementor-widget-heading .elementor-heading-title[class*=elementor-size-]>a{color:inherit;font-size:inherit;line-height:inherit}.elementor-widget-heading .elementor-heading-title.elementor-size-small{font-size:15px}.elementor-widget-heading .elementor-heading-title.elementor-size-medium{font-size:19px}.elementor-widget-heading .elementor-heading-title.elementor-size-large{font-size:29px}.elementor-widget-heading .elementor-heading-title.elementor-size-xl{font-size:39px}.elementor-widget-heading .elementor-heading-title.elementor-size-xxl{font-size:59px}<\/style><h2 class=\"elementor-heading-title elementor-size-default\">Notre histoire<\/h2>\t\t<\/div>\n\t\t\t\t<\/div>\n\t\t\t\t<div class=\"elementor-element elementor-element-a68223b elementor-widget__width-initial elementor-widget elementor-widget-text-editor\" data-id=\"a68223b\" data-element_type=\"widget\" data-widget_type=\"text-editor.default\">\n\t\t\t\t<div class=\"elementor-widget-container\">\n\t\t\t<style>\/*! elementor - v3.16.0 - 09-10-2023 *\/\n.elementor-widget-text-editor.elementor-drop-cap-view-stacked .elementor-drop-cap{background-color:#69727d;color:#fff}.elementor-widget-text-editor.elementor-drop-cap-view-framed .elementor-drop-cap{color:#69727d;border:3px solid;background-color:transparent}.elementor-widget-text-editor:not(.elementor-drop-cap-view-default) .elementor-drop-cap{margin-top:8px}.elementor-widget-text-editor:not(.elementor-drop-cap-view-default) .elementor-drop-cap-letter{width:1em;height:1em}.elementor-widget-text-editor .elementor-drop-cap{float:left;text-align:center;line-height:1;font-size:50px}.elementor-widget-text-editor .elementor-drop-cap-letter{display:inline-block}<\/style>\t\t\t\t<p>\u00a0<\/p><p>Bienvenue chez ParPrincipe, une entreprise fond\u00e9e sur la passion du bien-\u00eatre et l&rsquo;excellence du service. Mon parcours dans le domaine wellness a commenc\u00e9 il y a plus de 20 ans, au c\u0153ur des spas et centres de bien-\u00eatre les plus renomm\u00e9s. En tant que responsable commerciale, coordinatrice de projets, et formatrice, j\u2019ai eu l\u2019opportunit\u00e9 de transformer des espaces, de guider des \u00e9quipes et d\u2019accompagner des \u00e9tablissements vers des performances durables et exceptionnelles.<\/p><p>Un Voyage d\u2019Exp\u00e9rience et de D\u00e9vouement<\/p><p>Au fil des ann\u00e9es, j\u2019ai acquis une expertise unique en accompagnant des centres thermaux et \u00e9tablissements de bien-\u00eatre prestigieux en Suisse. Ces exp\u00e9riences m&rsquo;ont permis de ma\u00eetriser tous les aspects du secteur : gestion op\u00e9rationnelle, design d\u2019exp\u00e9rience client, formations, et d\u00e9veloppement d\u2019offres de soins innovantes.<br \/>Ma passion pour le consulting est n\u00e9e de ma volont\u00e9 d\u2019aider chaque \u00e9tablissement \u00e0 exprimer son plein potentiel. Je crois fermement qu&rsquo;un spa ou un centre de bien-\u00eatre est bien plus qu&rsquo;un lieu de d\u00e9tente : Un havre de bien-\u00eatre pour le corps et l\u2019esprit, et une cl\u00e9 de performance pour ses dirigeants.<\/p><p>Pourquoi ParPrincipe ?<\/p><p>J\u2019ai cr\u00e9\u00e9 ParPrincipe pour partager mon savoir-faire avec des professionnels qui souhaitent offrir \u00e0 leur client\u00e8le une exp\u00e9rience m\u00e9morable et authentique. Mon approche est simple : \u00e9couter vos besoins, analyser vos d\u00e9fis, et vous proposer des solutions sur mesure, adapt\u00e9es \u00e0 vos ambitions et \u00e0 vos valeurs.<\/p><p>Une Philosophie : Transformer et Inspirer<\/p><p>Que vous soyez un spa, un institut ou un h\u00f4tel, ParPrincipe vous accompagne \u00e0 chaque \u00e9tape de votre d\u00e9veloppement pour faire de votre \u00e9tablissement une v\u00e9ritable r\u00e9f\u00e9rence dans l\u2019univers du bien-\u00eatre.<\/p>\t\t\t\t\t\t<\/div>\n\t\t\t\t<\/div>\n\t\t\t\t<div class=\"elementor-element elementor-element-46aee2d elementor-align-center elementor-widget__width-initial elementor-widget elementor-widget-button\" data-id=\"46aee2d\" data-element_type=\"widget\" data-widget_type=\"button.default\">\n\t\t\t\t<div class=\"elementor-widget-container\">\n\t\t\t\t\t<div class=\"elementor-button-wrapper\">\n\t\t\t<a class=\"elementor-button elementor-button-link elementor-size-sm\" href=\"https:\/\/www.parprincipe.com\/index.php\/shop\/\">\n\t\t\t\t\t\t<span class=\"elementor-button-content-wrapper\">\n\t\t\t\t\t\t<span class=\"elementor-button-icon elementor-align-icon-right\">\n\t\t\t\t<svg xmlns=\"http:\/\/www.w3.org\/2000\/svg\" id=\"bb19cefa-da70-4c4e-8494-ad25bbd47839\" data-name=\"Layer 1\" width=\"32.9204\" height=\"17.832\" viewBox=\"0 0 32.9204 17.832\"><polygon points=\"31.858 8.055 31.858 8.016 31.817 8.016 23.417 0 22.036 1.447 28.931 8.026 0 8.026 0.007 10.026 28.928 10.026 22.048 16.361 23.404 17.832 32.92 9.069 31.858 8.055\"><\/polygon><\/svg>\t\t\t<\/span>\n\t\t\t\t\t\t<span class=\"elementor-button-text\">\"Parce que chaque d\u00e9tail compte, ParPrincipe vous guide pour sublimer vos espaces, vos services et votre exp\u00e9rience client.\"<\/span>\n\t\t<\/span>\n\t\t\t\t\t<\/a>\n\t\t<\/div>\n\t\t\t\t<\/div>\n\t\t\t\t<\/div>\n\t\t\t\t<div class=\"elementor-element elementor-element-65e3e10 elementor-widget__width-initial elementor-widget elementor-widget-image\" data-id=\"65e3e10\" data-element_type=\"widget\" data-widget_type=\"image.default\">\n\t\t\t\t<div class=\"elementor-widget-container\">\n\t\t\t<style>\/*! elementor - v3.16.0 - 09-10-2023 *\/\n.elementor-widget-image{text-align:center}.elementor-widget-image a{display:inline-block}.elementor-widget-image a img[src$=\".svg\"]{width:48px}.elementor-widget-image img{vertical-align:middle;display:inline-block}<\/style>\t\t\t\t\t\t\t\t\t\t\t\t<img loading=\"lazy\" decoding=\"async\" width=\"300\" height=\"83\" src=\"https:\/\/www.parprincipe.com\/wp-content\/uploads\/2024\/11\/yasminesignature-300x83.png\" class=\"attachment-medium size-medium wp-image-5761\" alt=\"\" srcset=\"https:\/\/www.parprincipe.com\/wp-content\/uploads\/2024\/11\/yasminesignature-300x83.png 300w, https:\/\/www.parprincipe.com\/wp-content\/uploads\/2024\/11\/yasminesignature.png 475w\" sizes=\"auto, (max-width: 300px) 100vw, 300px\" \/>\t\t\t\t\t\t\t\t\t\t\t\t\t\t\t<\/div>\n\t\t\t\t<\/div>\n\t\t\t\t\t<\/div>\n\t\t\t\t<\/div>\n\t\t\t\t\t\t\t<\/div>\n\t\t","protected":false},"excerpt":{"rendered":"<p>Notre histoire \u00a0 Bienvenue chez ParPrincipe, une entreprise fond\u00e9e sur la passion du bien-\u00eatre et l&rsquo;excellence du service. Mon parcours dans le domaine wellness a commenc\u00e9 il y a plus de 20 ans, au c\u0153ur des spas et centres de bien-\u00eatre les plus renomm\u00e9s. En tant que responsable commerciale, coordinatrice de projets, et formatrice, j\u2019ai [&hellip;]<\/p>\n","protected":false},"author":1,"featured_media":0,"parent":0,"menu_order":0,"comment_status":"closed","ping_status":"closed","template":"elementor_header_footer","meta":{"footnotes":""},"class_list":["post-612","page","type-page","status-publish","hentry"],"_links":{"self":[{"href":"https:\/\/www.parprincipe.com\/index.php\/wp-json\/wp\/v2\/pages\/612","targetHints":{"allow":["GET"]}}],"collection":[{"href":"https:\/\/www.parprincipe.com\/index.php\/wp-json\/wp\/v2\/pages"}],"about":[{"href":"https:\/\/www.parprincipe.com\/index.php\/wp-json\/wp\/v2\/types\/page"}],"author":[{"embeddable":true,"href":"https:\/\/www.parprincipe.com\/index.php\/wp-json\/wp\/v2\/users\/1"}],"replies":[{"embeddable":true,"href":"https:\/\/www.parprincipe.com\/index.php\/wp-json\/wp\/v2\/comments?post=612"}],"version-history":[{"count":40,"href":"https:\/\/www.parprincipe.com\/index.php\/wp-json\/wp\/v2\/pages\/612\/revisions"}],"predecessor-version":[{"id":6141,"href":"https:\/\/www.parprincipe.com\/index.php\/wp-json\/wp\/v2\/pages\/612\/revisions\/6141"}],"wp:attachment":[{"href":"https:\/\/www.parprincipe.com\/index.php\/wp-json\/wp\/v2\/media?parent=612"}],"curies":[{"name":"wp","href":"https:\/\/api.w.org\/{rel}","templated":true}]}}